{"id":47,"date":"2020-05-04T14:28:36","date_gmt":"2020-05-04T14:28:36","guid":{"rendered":"http:\/\/financiera.zetapica.com\/?page_id=47"},"modified":"2020-06-06T01:20:22","modified_gmt":"2020-06-06T01:20:22","slug":"quienes-somos","status":"publish","type":"page","link":"https:\/\/institutodebolsa.com\/en\/quienes-somos\/","title":{"rendered":"Acerca de nosotros"},"content":{"rendered":"\t\t<div data-elementor-type=\"wp-page\" data-elementor-id=\"47\" class=\"elementor elementor-47\" data-elementor-post-type=\"page\">\n\t\t\t\t\t\t<section class=\"elementor-section elementor-top-section elementor-element elementor-element-ed3a139 elementor-section-boxed elementor-section-height-default elementor-section-height-default\" data-id=\"ed3a139\" data-element_type=\"section\" data-e-type=\"section\" data-settings=\"{&quot;background_background&quot;:&quot;classic&quot;,&quot;background_motion_fx_motion_fx_scrolling&quot;:&quot;yes&quot;,&quot;background_motion_fx_translateY_effect&quot;:&quot;yes&quot;,&quot;background_motion_fx_translateY_speed&quot;:{&quot;unit&quot;:&quot;px&quot;,&quot;size&quot;:0,&quot;sizes&quot;:[]},&quot;background_motion_fx_translateY_affectedRange&quot;:{&quot;unit&quot;:&quot;%&quot;,&quot;size&quot;:&quot;&quot;,&quot;sizes&quot;:{&quot;start&quot;:0,&quot;end&quot;:100}},&quot;background_motion_fx_devices&quot;:[&quot;desktop&quot;,&quot;tablet&quot;,&quot;mobile&quot;]}\">\n\t\t\t\t\t\t\t<div class=\"elementor-background-overlay\"><\/div>\n\t\t\t\t\t\t\t<div class=\"elementor-container elementor-column-gap-default\">\n\t\t\t\t\t<div class=\"elementor-column elementor-col-100 elementor-top-column elementor-element elementor-element-016a611\" data-id=\"016a611\" data-element_type=\"column\" data-e-type=\"column\">\n\t\t\t<div class=\"elementor-widget-wrap elementor-element-populated\">\n\t\t\t\t\t\t<div class=\"elementor-element elementor-element-bb2d23b elementor-widget elementor-widget-heading\" data-id=\"bb2d23b\" data-element_type=\"widget\" data-e-type=\"widget\" data-widget_type=\"heading.default\">\n\t\t\t\t<div class=\"elementor-widget-container\">\n\t\t\t\t\t<h2 class=\"elementor-heading-title elementor-size-default\">Quienes somos<\/h2>\t\t\t\t<\/div>\n\t\t\t\t<\/div>\n\t\t\t\t<div class=\"elementor-element elementor-element-764e559 elementor-widget elementor-widget-text-editor\" data-id=\"764e559\" data-element_type=\"widget\" data-e-type=\"widget\" data-widget_type=\"text-editor.default\">\n\t\t\t\t<div class=\"elementor-widget-container\">\n\t\t\t\t\t\t\t\t\t<p>La uni\u00f3n de Ioannis Kantartzis, con m\u00e1s de 23 a\u00f1os de experiencia en formaci\u00f3n, trading y mercados financieros globales y Yoniel Garc\u00eda con m\u00e1s de 10 a\u00f1os como formador en mentalidad y coach ejecutivo y de alto rendimiento, dan como resultado el <strong>Instituto de Bolsa<\/strong>.<\/p>\t\t\t\t\t\t\t\t<\/div>\n\t\t\t\t<\/div>\n\t\t\t\t\t<\/div>\n\t\t<\/div>\n\t\t\t\t\t<\/div>\n\t\t<\/section>\n\t\t\t\t<section class=\"elementor-section elementor-top-section elementor-element elementor-element-bf49d22 elementor-section-boxed elementor-section-height-default elementor-section-height-default\" data-id=\"bf49d22\" data-element_type=\"section\" data-e-type=\"section\">\n\t\t\t\t\t\t<div class=\"elementor-container elementor-column-gap-default\">\n\t\t\t\t\t<div class=\"elementor-column elementor-col-50 elementor-top-column elementor-element elementor-element-4b08f0c\" data-id=\"4b08f0c\" data-element_type=\"column\" data-e-type=\"column\">\n\t\t\t<div class=\"elementor-widget-wrap elementor-element-populated\">\n\t\t\t\t\t\t<div class=\"elementor-element elementor-element-e04aceb elementor-widget elementor-widget-image\" data-id=\"e04aceb\" data-element_type=\"widget\" data-e-type=\"widget\" data-widget_type=\"image.default\">\n\t\t\t\t<div class=\"elementor-widget-container\">\n\t\t\t\t\t\t\t\t\t\t\t\t\t\t\t<img fetchpriority=\"high\" decoding=\"async\" width=\"483\" height=\"484\" src=\"https:\/\/institutodebolsa.com\/wp-content\/uploads\/2020\/05\/IOANNIS-KANTARTZIS-perfil-1.jpg\" class=\"attachment-large size-large wp-image-621\" alt=\"\" srcset=\"https:\/\/institutodebolsa.com\/wp-content\/uploads\/2020\/05\/IOANNIS-KANTARTZIS-perfil-1.jpg 483w, https:\/\/institutodebolsa.com\/wp-content\/uploads\/2020\/05\/IOANNIS-KANTARTZIS-perfil-1-300x300.jpg 300w, https:\/\/institutodebolsa.com\/wp-content\/uploads\/2020\/05\/IOANNIS-KANTARTZIS-perfil-1-150x150.jpg 150w, https:\/\/institutodebolsa.com\/wp-content\/uploads\/2020\/05\/IOANNIS-KANTARTZIS-perfil-1-100x100.jpg 100w\" sizes=\"(max-width: 483px) 100vw, 483px\" \/>\t\t\t\t\t\t\t\t\t\t\t\t\t\t\t<\/div>\n\t\t\t\t<\/div>\n\t\t\t\t<div class=\"elementor-element elementor-element-7d761d9 elementor-widget elementor-widget-heading\" data-id=\"7d761d9\" data-element_type=\"widget\" data-e-type=\"widget\" data-widget_type=\"heading.default\">\n\t\t\t\t<div class=\"elementor-widget-container\">\n\t\t\t\t\t<h2 class=\"elementor-heading-title elementor-size-default\">Ioannis<br>Kantartzis<\/h2>\t\t\t\t<\/div>\n\t\t\t\t<\/div>\n\t\t\t\t<div class=\"elementor-element elementor-element-d8d83ce elementor-widget__width-auto elementor-widget elementor-widget-button\" data-id=\"d8d83ce\" data-element_type=\"widget\" data-e-type=\"widget\" data-widget_type=\"button.default\">\n\t\t\t\t<div class=\"elementor-widget-container\">\n\t\t\t\t\t\t\t\t\t<div class=\"elementor-button-wrapper\">\n\t\t\t\t\t<a class=\"elementor-button elementor-button-link elementor-size-sm\" href=\"#elementor-action%3Aaction%3Dpopup%3Aopen%26settings%3DeyJpZCI6IjU2NSIsInRvZ2dsZSI6ZmFsc2V9\">\n\t\t\t\t\t\t<span class=\"elementor-button-content-wrapper\">\n\t\t\t\t\t\t\t\t\t<span class=\"elementor-button-text\">Ver perfil<\/span>\n\t\t\t\t\t<\/span>\n\t\t\t\t\t<\/a>\n\t\t\t\t<\/div>\n\t\t\t\t\t\t\t\t<\/div>\n\t\t\t\t<\/div>\n\t\t\t\t<div class=\"elementor-element elementor-element-3a9702e elementor-widget__width-auto elementor-widget elementor-widget-button\" data-id=\"3a9702e\" data-element_type=\"widget\" data-e-type=\"widget\" data-widget_type=\"button.default\">\n\t\t\t\t<div class=\"elementor-widget-container\">\n\t\t\t\t\t\t\t\t\t<div class=\"elementor-button-wrapper\">\n\t\t\t\t\t<a class=\"elementor-button elementor-button-link elementor-size-sm\" href=\"https:\/\/api.whatsapp.com\/send?phone=306932315450&#038;text=Hola%20IDB%20me%20gustar%C3%ADa%20...\" target=\"_blank\">\n\t\t\t\t\t\t<span class=\"elementor-button-content-wrapper\">\n\t\t\t\t\t\t\t\t\t<span class=\"elementor-button-text\">Contactar<\/span>\n\t\t\t\t\t<\/span>\n\t\t\t\t\t<\/a>\n\t\t\t\t<\/div>\n\t\t\t\t\t\t\t\t<\/div>\n\t\t\t\t<\/div>\n\t\t\t\t\t<\/div>\n\t\t<\/div>\n\t\t\t\t<div class=\"elementor-column elementor-col-50 elementor-top-column elementor-element elementor-element-e22cc07\" data-id=\"e22cc07\" data-element_type=\"column\" data-e-type=\"column\">\n\t\t\t<div class=\"elementor-widget-wrap elementor-element-populated\">\n\t\t\t\t\t\t<div class=\"elementor-element elementor-element-d6d25f5 elementor-widget elementor-widget-image\" data-id=\"d6d25f5\" data-element_type=\"widget\" data-e-type=\"widget\" data-widget_type=\"image.default\">\n\t\t\t\t<div class=\"elementor-widget-container\">\n\t\t\t\t\t\t\t\t\t\t\t\t\t\t\t<img decoding=\"async\" width=\"483\" height=\"484\" src=\"https:\/\/institutodebolsa.com\/wp-content\/uploads\/2020\/05\/yoniel-garcia-perfil.jpg\" class=\"attachment-large size-large wp-image-622\" alt=\"\" srcset=\"https:\/\/institutodebolsa.com\/wp-content\/uploads\/2020\/05\/yoniel-garcia-perfil.jpg 483w, https:\/\/institutodebolsa.com\/wp-content\/uploads\/2020\/05\/yoniel-garcia-perfil-300x300.jpg 300w, https:\/\/institutodebolsa.com\/wp-content\/uploads\/2020\/05\/yoniel-garcia-perfil-150x150.jpg 150w, https:\/\/institutodebolsa.com\/wp-content\/uploads\/2020\/05\/yoniel-garcia-perfil-100x100.jpg 100w\" sizes=\"(max-width: 483px) 100vw, 483px\" \/>\t\t\t\t\t\t\t\t\t\t\t\t\t\t\t<\/div>\n\t\t\t\t<\/div>\n\t\t\t\t<div class=\"elementor-element elementor-element-0db8187 elementor-widget elementor-widget-heading\" data-id=\"0db8187\" data-element_type=\"widget\" data-e-type=\"widget\" data-widget_type=\"heading.default\">\n\t\t\t\t<div class=\"elementor-widget-container\">\n\t\t\t\t\t<h2 class=\"elementor-heading-title elementor-size-default\">Yoniel<br>Garcia<\/h2>\t\t\t\t<\/div>\n\t\t\t\t<\/div>\n\t\t\t\t<div class=\"elementor-element elementor-element-5635291 elementor-widget__width-auto elementor-widget elementor-widget-button\" data-id=\"5635291\" data-element_type=\"widget\" data-e-type=\"widget\" data-widget_type=\"button.default\">\n\t\t\t\t<div class=\"elementor-widget-container\">\n\t\t\t\t\t\t\t\t\t<div class=\"elementor-button-wrapper\">\n\t\t\t\t\t<a class=\"elementor-button elementor-button-link elementor-size-sm\" href=\"#elementor-action%3Aaction%3Dpopup%3Aopen%26settings%3DeyJpZCI6IjU3MyIsInRvZ2dsZSI6ZmFsc2V9\">\n\t\t\t\t\t\t<span class=\"elementor-button-content-wrapper\">\n\t\t\t\t\t\t\t\t\t<span class=\"elementor-button-text\">Ver perfil<\/span>\n\t\t\t\t\t<\/span>\n\t\t\t\t\t<\/a>\n\t\t\t\t<\/div>\n\t\t\t\t\t\t\t\t<\/div>\n\t\t\t\t<\/div>\n\t\t\t\t<div class=\"elementor-element elementor-element-bc9b09c elementor-widget__width-auto elementor-widget elementor-widget-button\" data-id=\"bc9b09c\" data-element_type=\"widget\" data-e-type=\"widget\" data-widget_type=\"button.default\">\n\t\t\t\t<div class=\"elementor-widget-container\">\n\t\t\t\t\t\t\t\t\t<div class=\"elementor-button-wrapper\">\n\t\t\t\t\t<a class=\"elementor-button elementor-button-link elementor-size-sm\" href=\"https:\/\/api.whatsapp.com\/send?phone=34635631818&#038;text=Hola%20Yoniel%20...\" target=\"_blank\">\n\t\t\t\t\t\t<span class=\"elementor-button-content-wrapper\">\n\t\t\t\t\t\t\t\t\t<span class=\"elementor-button-text\">Contactar<\/span>\n\t\t\t\t\t<\/span>\n\t\t\t\t\t<\/a>\n\t\t\t\t<\/div>\n\t\t\t\t\t\t\t\t<\/div>\n\t\t\t\t<\/div>\n\t\t\t\t\t<\/div>\n\t\t<\/div>\n\t\t\t\t\t<\/div>\n\t\t<\/section>\n\t\t\t\t<section class=\"elementor-section elementor-top-section elementor-element elementor-element-5f9ba9a elementor-section-boxed elementor-section-height-default elementor-section-height-default\" data-id=\"5f9ba9a\" data-element_type=\"section\" data-e-type=\"section\">\n\t\t\t\t\t\t<div class=\"elementor-container elementor-column-gap-default\">\n\t\t\t\t\t<div class=\"elementor-column elementor-col-100 elementor-top-column elementor-element elementor-element-f2e6c85\" data-id=\"f2e6c85\" data-element_type=\"column\" data-e-type=\"column\">\n\t\t\t<div class=\"elementor-widget-wrap elementor-element-populated\">\n\t\t\t\t\t\t<div class=\"elementor-element elementor-element-0acb68f elementor-widget elementor-widget-text-editor\" data-id=\"0acb68f\" data-element_type=\"widget\" data-e-type=\"widget\" data-widget_type=\"text-editor.default\">\n\t\t\t\t<div class=\"elementor-widget-container\">\n\t\t\t\t\t\t\t\t\t<p>El <strong>Instituto de Bolsa<\/strong> nace con la misi\u00f3n de crear y formar tanto a traders e inversores profesionales como a principiantes, cuyos resultados les permitan vivir libres personal y financieramente en cualquier parte del mundo.<\/p>\t\t\t\t\t\t\t\t<\/div>\n\t\t\t\t<\/div>\n\t\t\t\t\t<\/div>\n\t\t<\/div>\n\t\t\t\t\t<\/div>\n\t\t<\/section>\n\t\t\t\t<\/div>\n\t\t","protected":false},"excerpt":{"rendered":"<p>Quienes somos La uni\u00f3n de Ioannis Kantartzis, con m\u00e1s de 23 a\u00f1os de experiencia en formaci\u00f3n, trading y mercados financieros globales y Yoniel Garc\u00eda con m\u00e1s de 10 a\u00f1os como formador en mentalidad y coach ejecutivo y de alto rendimiento, dan como resultado el Instituto de Bolsa. IoannisKantartzis Ver perfil Contactar YonielGarcia Ver perfil Contactar [&hellip;]<\/p>\n","protected":false},"author":1,"featured_media":0,"parent":0,"menu_order":0,"comment_status":"closed","ping_status":"closed","template":"","meta":{"footnotes":""},"class_list":["post-47","page","type-page","status-publish","hentry","entry","owp-thumbs-layout-horizontal","owp-btn-normal","owp-tabs-layout-horizontal","has-no-thumbnails","has-product-nav"],"_links":{"self":[{"href":"https:\/\/institutodebolsa.com\/en\/wp-json\/wp\/v2\/pages\/47","targetHints":{"allow":["GET"]}}],"collection":[{"href":"https:\/\/institutodebolsa.com\/en\/wp-json\/wp\/v2\/pages"}],"about":[{"href":"https:\/\/institutodebolsa.com\/en\/wp-json\/wp\/v2\/types\/page"}],"author":[{"embeddable":true,"href":"https:\/\/institutodebolsa.com\/en\/wp-json\/wp\/v2\/users\/1"}],"replies":[{"embeddable":true,"href":"https:\/\/institutodebolsa.com\/en\/wp-json\/wp\/v2\/comments?post=47"}],"version-history":[{"count":43,"href":"https:\/\/institutodebolsa.com\/en\/wp-json\/wp\/v2\/pages\/47\/revisions"}],"predecessor-version":[{"id":913,"href":"https:\/\/institutodebolsa.com\/en\/wp-json\/wp\/v2\/pages\/47\/revisions\/913"}],"wp:attachment":[{"href":"https:\/\/institutodebolsa.com\/en\/wp-json\/wp\/v2\/media?parent=47"}],"curies":[{"name":"wp","href":"https:\/\/api.w.org\/{rel}","templated":true}]}}