{"id":66,"date":"2020-05-04T14:45:00","date_gmt":"2020-05-04T14:45:00","guid":{"rendered":"http:\/\/financiera.zetapica.com\/?page_id=66"},"modified":"2020-06-05T20:52:47","modified_gmt":"2020-06-05T20:52:47","slug":"sala-de-trading-en-vivo","status":"publish","type":"page","link":"https:\/\/institutodebolsa.com\/el\/sala-de-trading-en-vivo\/","title":{"rendered":"Sala de trading en vivo"},"content":{"rendered":"<div data-elementor-type=\"wp-page\" data-elementor-id=\"66\" class=\"elementor elementor-66\" data-elementor-post-type=\"page\">\n\t\t\t\t\t\t<section class=\"elementor-section elementor-top-section elementor-element elementor-element-4934bfd6 elementor-section-boxed elementor-section-height-default elementor-section-height-default\" data-id=\"4934bfd6\" data-element_type=\"section\" data-e-type=\"section\" data-settings=\"{&quot;background_background&quot;:&quot;classic&quot;,&quot;shape_divider_bottom&quot;:&quot;pyramids&quot;,&quot;shape_divider_bottom_negative&quot;:&quot;yes&quot;}\">\n\t\t\t\t\t\t\t<div class=\"elementor-background-overlay\"><\/div>\n\t\t\t\t\t\t<div class=\"elementor-shape elementor-shape-bottom\" aria-hidden=\"true\" data-negative=\"true\">\n\t\t\t<svg xmlns=\"http:\/\/www.w3.org\/2000\/svg\" viewbox=\"0 0 1000 100\" preserveaspectratio=\"none\">\n\t<path class=\"elementor-shape-fill\" d=\"M761.9,40.6L643.1,24L333.9,93.8L0.1,1H0v99h1000V1\"\/>\n<\/svg>\t\t<\/div>\n\t\t\t\t\t<div class=\"elementor-container elementor-column-gap-default\">\n\t\t\t\t\t<div class=\"elementor-column elementor-col-50 elementor-top-column elementor-element elementor-element-84c4a1\" data-id=\"84c4a1\" data-element_type=\"column\" data-e-type=\"column\">\n\t\t\t<div class=\"elementor-widget-wrap elementor-element-populated\">\n\t\t\t\t\t\t<div class=\"elementor-element elementor-element-3a11a39b elementor-widget elementor-widget-heading\" data-id=\"3a11a39b\" data-element_type=\"widget\" data-e-type=\"widget\" data-widget_type=\"heading.default\">\n\t\t\t\t<div class=\"elementor-widget-container\">\n\t\t\t\t\t<h2 class=\"elementor-heading-title elementor-size-default\">Sesiones de Trading en vivo y en directo. <\/h2>\t\t\t\t<\/div>\n\t\t\t\t<\/div>\n\t\t\t\t<div class=\"elementor-element elementor-element-4d63c361 elementor-widget elementor-widget-text-editor\" data-id=\"4d63c361\" data-element_type=\"widget\" data-e-type=\"widget\" data-widget_type=\"text-editor.default\">\n\t\t\t\t<div class=\"elementor-widget-container\">\n\t\t\t\t\t\t\t\t\t<p>Operando\u00a0junto con nosotros, tendr\u00e1s acceso a nuestras pantallas para ver el mercado en tiempo real y podr\u00e1s hacer tus preguntas a trav\u00e9s de nuestro chat interactivo.<\/p>\t\t\t\t\t\t\t\t<\/div>\n\t\t\t\t<\/div>\n\t\t\t\t<div class=\"elementor-element elementor-element-62e3caff elementor-widget elementor-widget-button\" data-id=\"62e3caff\" data-element_type=\"widget\" data-e-type=\"widget\" data-widget_type=\"button.default\">\n\t\t\t\t<div class=\"elementor-widget-container\">\n\t\t\t\t\t\t\t\t\t<div class=\"elementor-button-wrapper\">\n\t\t\t\t\t<a class=\"elementor-button elementor-button-link elementor-size-lg\" href=\"#elementor-action%3Aaction%3Dpopup%3Aopen%26settings%3DeyJpZCI6IjcwNiIsInRvZ2dsZSI6ZmFsc2V9\">\n\t\t\t\t\t\t<span class=\"elementor-button-content-wrapper\">\n\t\t\t\t\t\t<span class=\"elementor-button-icon\">\n\t\t\t\t<i aria-hidden=\"true\" class=\"far fa-arrow-alt-circle-right\"><\/i>\t\t\t<\/span>\n\t\t\t\t\t\t\t\t\t<span class=\"elementor-button-text\">Ver suscripciones de acceso<\/span>\n\t\t\t\t\t<\/span>\n\t\t\t\t\t<\/a>\n\t\t\t\t<\/div>\n\t\t\t\t\t\t\t\t<\/div>\n\t\t\t\t<\/div>\n\t\t\t\t\t<\/div>\n\t\t<\/div>\n\t\t\t\t<div class=\"elementor-column elementor-col-50 elementor-top-column elementor-element elementor-element-24c28390\" data-id=\"24c28390\" data-element_type=\"column\" data-e-type=\"column\">\n\t\t\t<div class=\"elementor-widget-wrap elementor-element-populated\">\n\t\t\t\t\t\t<div class=\"elementor-element elementor-element-39fe3b44 elementor-widget elementor-widget-image\" data-id=\"39fe3b44\" data-element_type=\"widget\" data-e-type=\"widget\" data-widget_type=\"image.default\">\n\t\t\t\t<div class=\"elementor-widget-container\">\n\t\t\t\t\t\t\t\t\t\t\t\t\t\t\t<img fetchpriority=\"high\" decoding=\"async\" width=\"1000\" height=\"855\" src=\"https:\/\/institutodebolsa.com\/wp-content\/uploads\/2020\/05\/trading-en-vivo-1.png\" class=\"attachment-full size-full wp-image-237\" alt=\"\" srcset=\"https:\/\/institutodebolsa.com\/wp-content\/uploads\/2020\/05\/trading-en-vivo-1.png 1000w, https:\/\/institutodebolsa.com\/wp-content\/uploads\/2020\/05\/trading-en-vivo-1-600x513.png 600w, https:\/\/institutodebolsa.com\/wp-content\/uploads\/2020\/05\/trading-en-vivo-1-300x257.png 300w, https:\/\/institutodebolsa.com\/wp-content\/uploads\/2020\/05\/trading-en-vivo-1-768x657.png 768w\" sizes=\"(max-width: 1000px) 100vw, 1000px\" \/>\t\t\t\t\t\t\t\t\t\t\t\t\t\t\t<\/div>\n\t\t\t\t<\/div>\n\t\t\t\t\t<\/div>\n\t\t<\/div>\n\t\t\t\t\t<\/div>\n\t\t<\/section>\n\t\t\t\t<section class=\"elementor-section elementor-top-section elementor-element elementor-element-4f280a2f elementor-section-boxed elementor-section-height-default elementor-section-height-default\" data-id=\"4f280a2f\" data-element_type=\"section\" data-e-type=\"section\" data-settings=\"{&quot;background_background&quot;:&quot;classic&quot;}\">\n\t\t\t\t\t\t<div class=\"elementor-container elementor-column-gap-default\">\n\t\t\t\t\t<div class=\"elementor-column elementor-col-100 elementor-top-column elementor-element elementor-element-4fc10764\" data-id=\"4fc10764\" data-element_type=\"column\" data-e-type=\"column\">\n\t\t\t<div class=\"elementor-widget-wrap elementor-element-populated\">\n\t\t\t\t\t\t<div class=\"elementor-element elementor-element-44605274 elementor-widget elementor-widget-heading\" data-id=\"44605274\" data-element_type=\"widget\" data-e-type=\"widget\" data-widget_type=\"heading.default\">\n\t\t\t\t<div class=\"elementor-widget-container\">\n\t\t\t\t\t<span class=\"elementor-heading-title elementor-size-default\">Consultor\u00eda de Bolsa<\/span>\t\t\t\t<\/div>\n\t\t\t\t<\/div>\n\t\t\t\t<div class=\"elementor-element elementor-element-6ffa1680 elementor-widget elementor-widget-heading\" data-id=\"6ffa1680\" data-element_type=\"widget\" data-e-type=\"widget\" data-widget_type=\"heading.default\">\n\t\t\t\t<div class=\"elementor-widget-container\">\n\t\t\t\t\t<h2 class=\"elementor-heading-title elementor-size-default\">en Tiempo Real<\/h2>\t\t\t\t<\/div>\n\t\t\t\t<\/div>\n\t\t\t\t<div class=\"elementor-element elementor-element-a81184e elementor-widget elementor-widget-text-editor\" data-id=\"a81184e\" data-element_type=\"widget\" data-e-type=\"widget\" data-widget_type=\"text-editor.default\">\n\t\t\t\t<div class=\"elementor-widget-container\">\n\t\t\t\t\t\t\t\t\t<p>De lunes a jueves, en la\u00a0apertura de las bolsas europeas y en la apertura de Wall Street, con\u00e9ctese a nuestra Trading Room y podr\u00e1 tener\u00a0acceso a nuestras pantallas para ver el mercado en tiempo real. Analizamos las principales bolsas del mundo, acciones, divisas, el petroleo, el oro y cualquier producto cotizado en el mercado que usted desee preguntando a trav\u00e9s de nuestro chat interactivo. Nuestro analista\u00a0responder\u00e1 a todas sus preguntas y operar\u00e1 en directo mostrando sus estrategias tanto de intrad\u00eda como de Swing trading y tambi\u00e9n de medio y largo plazo.<\/p>\t\t\t\t\t\t\t\t<\/div>\n\t\t\t\t<\/div>\n\t\t\t\t\t<\/div>\n\t\t<\/div>\n\t\t\t\t\t<\/div>\n\t\t<\/section>\n\t\t\t\t<\/div>","protected":false},"excerpt":{"rendered":"<p>Sesiones de Trading en vivo y en directo. Operando\u00a0junto con nosotros, tendr\u00e1s acceso a nuestras pantallas para ver el mercado en tiempo real y podr\u00e1s hacer tus preguntas a trav\u00e9s de nuestro chat interactivo. Ver suscripciones de acceso Consultor\u00eda de Bolsa en Tiempo Real De lunes a jueves, en la\u00a0apertura de las bolsas europeas y [&hellip;]<\/p>\n","protected":false},"author":1,"featured_media":0,"parent":0,"menu_order":0,"comment_status":"closed","ping_status":"closed","template":"","meta":{"footnotes":""},"class_list":["post-66","page","type-page","status-publish","hentry","entry","owp-thumbs-layout-horizontal","owp-btn-normal","owp-tabs-layout-horizontal","has-no-thumbnails","has-product-nav"],"_links":{"self":[{"href":"https:\/\/institutodebolsa.com\/el\/wp-json\/wp\/v2\/pages\/66","targetHints":{"allow":["GET"]}}],"collection":[{"href":"https:\/\/institutodebolsa.com\/el\/wp-json\/wp\/v2\/pages"}],"about":[{"href":"https:\/\/institutodebolsa.com\/el\/wp-json\/wp\/v2\/types\/page"}],"author":[{"embeddable":true,"href":"https:\/\/institutodebolsa.com\/el\/wp-json\/wp\/v2\/users\/1"}],"replies":[{"embeddable":true,"href":"https:\/\/institutodebolsa.com\/el\/wp-json\/wp\/v2\/comments?post=66"}],"version-history":[{"count":20,"href":"https:\/\/institutodebolsa.com\/el\/wp-json\/wp\/v2\/pages\/66\/revisions"}],"predecessor-version":[{"id":894,"href":"https:\/\/institutodebolsa.com\/el\/wp-json\/wp\/v2\/pages\/66\/revisions\/894"}],"wp:attachment":[{"href":"https:\/\/institutodebolsa.com\/el\/wp-json\/wp\/v2\/media?parent=66"}],"curies":[{"name":"wp","href":"https:\/\/api.w.org\/{rel}","templated":true}]}}